{"id":115,"date":"2021-04-13T10:49:49","date_gmt":"2021-04-13T10:49:49","guid":{"rendered":"https:\/\/reciclaridsosona.cat\/?page_id=115"},"modified":"2021-04-13T13:29:37","modified_gmt":"2021-04-13T13:29:37","slug":"avis-legal","status":"publish","type":"page","link":"https:\/\/reciclaridsosona.cat\/es\/avis-legal","title":{"rendered":"Av\u00eds Legal"},"content":{"rendered":"<p><strong>0. OBJECTE I ACCEPTACI\u00d3<\/strong><\/p>\n<p>El present av\u00eds legal regula l&#8217;\u00fas del lloc web recicl\u00e0ridsosona.cat, (en endavant, LA WEB), del qui \u00e9s titular Recicl\u00e0rids Osona S.L, (en endavant, EL RESPONSABLE DE LA WEB).<\/p>\n<p>L&#8217; usuari t\u00e9 l&#8217;obligaci\u00f3 de fer un \u00fas correcte del lloc web conforme les lleis, la bona fe i l&#8217;ordre p\u00fablic.L&#8217;usuari respondr\u00e0 davant EL RESPONSABLE DE LA WEB o devant a tercers, de qualsevol dany o perjudici que pugui causar com a conseq\u00fc\u00e8ncia del incompliment de la seva obligaci\u00f3.<\/p>\n<p><strong>1. IDENTIFICACI\u00d3 I COMUNICACIONS<\/strong><\/p>\n<p>EL RESPONSABLE DE LA WEB, en cumplimient de la Ley 34\/2002, de 11 de juliol, de serveis de la societat de la informaci\u00f3 i de comer\u00e7 electr\u00f2nic, l&#8217; informa de:<\/p>\n<p>Ra\u00f3 social: RECICL\u00c0RIDS OSONA S.L.<br \/>\nNIF: B-64869886<br \/>\nDirecci\u00f3: c\/Pirineu 4, Pol.Ind. Adoberies, 08506-Calldetenes (Barcelona)<br \/>\nTel\u00e8fon: +34 646 287940<br \/>\nCorreu electr\u00f2nic: info@reciclaridsosona.cat<\/p>\n<p>Podeu contactar amb nosaltres per qualsevol dels mitjans present en LA WEB.<\/p>\n<p><strong>2. CONDICIONS D&#8217; ACCES I UTILITZACI\u00d3<\/strong><\/p>\n<p>El lloc web i els seus serveis son d&#8217; acc\u00e9s lliure i gratu\u00eft, no obstant, EL RESPONSABLE DE LA WEB condiciona la utilitzaci\u00f3 d&#8217; alguns dels serveis oferts al previ ompliment de dades dels requisits dels formularis.<\/p>\n<p>L&#8217; usuari garantitza la autenticitat i actualitat de les dades que comunica a EL RESPONSABLE DE LA WEB i ser\u00e0 l\u00a1 \u00fanic responsable de les manifestacions falses o inexactes que realitzi.<\/p>\n<p>Tamb\u00e9 l&#8217;usuari es compromet a no:<\/p>\n<p>a) Difondre continguts\u00a0 delictius, violents, pornogr\u00e0fics, racistes, ofensius,\u00a0 en general, contraris a la llei o l&#8217; ordre p\u00fablic.<br \/>\nb) Introduir en la xarxa, virus inform\u00e0tics o realitzar actuacions susceptibles de alterar, modificar, interrompre o generar errors o danys en els documents electr\u00f2nics, modificar LA WEB o alterar el seu contingut.<br \/>\nc) Intentar accedir a les comptes de correu electr\u00f2nic d&#8217;altres usuaris i extreure la seva informaci\u00f3.<br \/>\nd) Vulnerar els drets de propietat intel\u00b7lectual o industrial.<br \/>\ne) Suplantar la identitat d&#8217;un altre usuari.<\/p>\n<p>Tots els continguts del lloc web, com texts, fotografies, gr\u00e0fics, imatges,, software, aix\u00ed com el seu disseny gr\u00e0fic, pertanyen a EL RESPONSABLE DE LA WEB, i no poden ser cedits a tercers sense el consentiment del propietari del WEB.<\/p>\n<p><strong>3. POL\u00cdTICA DE PRIVACITAT<\/strong><\/p>\n<p>Quan necessitem obtenir informaci\u00f3 per part de l&#8217;usuari, sempre ho sol.licitarem de forma volunt\u00e0ria i amb els requisits m\u00ednims per tal de poder resoldra o atendre\u00a0 la comunicaci\u00f3 que ens expressa el client. Les dades obtingudes per mitj\u00e0 de formularis dins la nostra WEB seran tractades d&#8217;acord amb el que estableix la Llei segons el Reglament (UE) 2016\/679 del Parlament Europeu i del Consell, de 27 d&#8217; abril de 2016, normativa legal vigent en mat\u00e9ria de protecci\u00f3 de dades i la Llei 34\/2002, de 11 de juliol, de Serveis de la Societat de l&#8217; Informaci\u00f3 i Comer\u00e7 Electr\u00f2nic.<\/p>\n<p>EL RESPONSABLE DE LA WEB es compromet a no cedir, vendre, ni compartir les dades amb tercers.<\/p>\n<p><strong>Exercici dels seus drets:<\/strong><br \/>\nQualsevol persona t\u00e9 dret a obtenir informaci\u00f3 de com tractem les seves dades, aix\u00ed com modificar-les o rectificar-les.<br \/>\nPodr\u00e0 exercir els seus drets per mitj\u00e0 de:<br \/>\n-Per correu electr\u00f2nic adjuntant\u00a0 c\u00f2pia del DNI a: info @ reciclaridsosona.cat<br \/>\n-Sol\u00b7licitant la informaci\u00f3 en els formularis de la WEB.<\/p>\n<p>La nostra pol\u00edtica respecte al correu electr\u00f2nic est\u00e0 centrada \u00fanicament en l&#8217;enviament de la informaci\u00f3 que vost\u00e8 ha sol\u00b7licitat.<br \/>\nSi no vol rebre correus ens ho fa saber.<\/p>\n","protected":false},"excerpt":{"rendered":"<p>0. OBJECTE I ACCEPTACI\u00d3 El present av\u00eds legal regula l&#8217;\u00fas del lloc web recicl\u00e0ridsosona.cat, (en endavant, LA WEB), del qui \u00e9s titular Recicl\u00e0rids Osona S.L, (en endavant, EL RESPONSABLE DE LA WEB). L&#8217; usuari t\u00e9 l&#8217;obligaci\u00f3 de fer un \u00fas correcte del lloc web conforme les lleis, la bona fe i l&#8217;ordre p\u00fablic.L&#8217;usuari respondr\u00e0 davant &#8230; <a title=\"Av\u00eds Legal\" class=\"read-more\" href=\"https:\/\/reciclaridsosona.cat\/es\/avis-legal\">Read more<\/a><\/p>\n","protected":false},"author":1,"featured_media":0,"parent":0,"menu_order":0,"comment_status":"closed","ping_status":"closed","template":"","meta":{"generate_page_header":"","footnotes":""},"class_list":["post-115","page","type-page","status-publish"],"_links":{"self":[{"href":"https:\/\/reciclaridsosona.cat\/es\/wp-json\/wp\/v2\/pages\/115","targetHints":{"allow":["GET"]}}],"collection":[{"href":"https:\/\/reciclaridsosona.cat\/es\/wp-json\/wp\/v2\/pages"}],"about":[{"href":"https:\/\/reciclaridsosona.cat\/es\/wp-json\/wp\/v2\/types\/page"}],"author":[{"embeddable":true,"href":"https:\/\/reciclaridsosona.cat\/es\/wp-json\/wp\/v2\/users\/1"}],"replies":[{"embeddable":true,"href":"https:\/\/reciclaridsosona.cat\/es\/wp-json\/wp\/v2\/comments?post=115"}],"version-history":[{"count":5,"href":"https:\/\/reciclaridsosona.cat\/es\/wp-json\/wp\/v2\/pages\/115\/revisions"}],"predecessor-version":[{"id":120,"href":"https:\/\/reciclaridsosona.cat\/es\/wp-json\/wp\/v2\/pages\/115\/revisions\/120"}],"wp:attachment":[{"href":"https:\/\/reciclaridsosona.cat\/es\/wp-json\/wp\/v2\/media?parent=115"}],"curies":[{"name":"wp","href":"https:\/\/api.w.org\/{rel}","templated":true}]}}